{"id":9693,"date":"2022-09-02T11:16:17","date_gmt":"2022-09-02T09:16:17","guid":{"rendered":"https:\/\/cyclesmanivelle.com\/detour-workshops\/"},"modified":"2022-11-09T15:29:41","modified_gmt":"2022-11-09T14:29:41","slug":"detour-workshops","status":"publish","type":"page","link":"https:\/\/cyclesmanivelle.com\/en\/detour-workshops\/","title":{"rendered":"Detour Workshops"},"content":{"rendered":"<p>[et_pb_section fb_built=&#8221;1&#8243; _builder_version=&#8221;4.18.0&#8243; _module_preset=&#8221;default&#8221; global_colors_info=&#8221;{}&#8221;][et_pb_row column_structure=&#8221;1_2,1_2&#8243; _builder_version=&#8221;4.18.0&#8243; _module_preset=&#8221;default&#8221; custom_padding=&#8221;||||false|false&#8221; locked=&#8221;off&#8221; global_colors_info=&#8221;{}&#8221;][et_pb_column type=&#8221;1_2&#8243; _builder_version=&#8221;4.16&#8243; _module_preset=&#8221;default&#8221; global_colors_info=&#8221;{}&#8221;][et_pb_text _builder_version=&#8221;4.18.0&#8243; _module_preset=&#8221;default&#8221; text_font=&#8221;|300|||||||&#8221; text_font_size=&#8221;17px&#8221; link_font=&#8221;||||||||&#8221; link_font_size=&#8221;17px&#8221; header_text_align=&#8221;center&#8221; header_2_font=&#8221;||||||||&#8221; header_2_font_size=&#8221;22px&#8221; header_3_font=&#8221;|300|||||||&#8221; header_3_font_size=&#8221;17px&#8221; custom_margin=&#8221;||17px|||&#8221; hover_enabled=&#8221;0&#8243; global_colors_info=&#8221;{}&#8221; sticky_enabled=&#8221;0&#8243;]<\/p>\n<h1 style=\"text-align: left;\">THE DETOUR WORKSHOPS<\/h1>\n<p>&nbsp;<\/p>\n<p style=\"text-align: justify;\">Our workshops aim is to democratize the &#8220;Do-It-Yourself&#8221; in the bike world. The bicycle, an essential mode of transportation, often remains mysterious about its origin: where and how it is made. Our workshops allow you to go from an opaque object to a source of inspiration and experimentation. Through workshops on metal and textile work, we transmit our know-how to allow everyone to dream and make your own accessories.<\/p>\n<p style=\"text-align: justify;\">The D\u00c9TOUR workshops take place at Les Ateliers \u00c9clair\u00e9s, a third place in which Manivelle resides. These workshops are for everyone, from beginners to advanced, with several levels of difficulty. At the end of each workshop, you will leave with your own production.<\/p>\n<p style=\"text-align: justify;\">Find all the information and book your workshop on the pages dedicated to each workshop.<\/p>\n<p style=\"text-align: justify;\">As time goes on, new workshops will be added. Don&#8217;t hesitate to make suggestions!<\/p>\n<p style=\"text-align: justify;\">The D\u00c9TOUR workshop program is offered in partnership with <a href=\"https:\/\/www.lesatelierseclaires.com\"><span style=\"text-decoration: underline;\">Les ateliers \u00e9clair\u00e9s<\/span><\/a> and is supported by the Tango&amp;Scan.<\/p>\n<blockquote><\/blockquote>\n<p>[\/et_pb_text][\/et_pb_column][et_pb_column type=&#8221;1_2&#8243; _builder_version=&#8221;4.16&#8243; _module_preset=&#8221;default&#8221; global_colors_info=&#8221;{}&#8221;][et_pb_gallery gallery_ids=&#8221;9172,9176,9140,9136,9154,9169,9165,9144,9150,9142&#8243; fullwidth=&#8221;on&#8221; _builder_version=&#8221;4.18.0&#8243; _module_preset=&#8221;default&#8221; global_colors_info=&#8221;{}&#8221;][\/et_pb_gallery][\/et_pb_column][\/et_pb_row][et_pb_row _builder_version=&#8221;4.18.0&#8243; _module_preset=&#8221;default&#8221; global_colors_info=&#8221;{}&#8221;][et_pb_column type=&#8221;4_4&#8243; _builder_version=&#8221;4.18.0&#8243; _module_preset=&#8221;default&#8221; global_colors_info=&#8221;{}&#8221;][et_pb_blog fullwidth=&#8221;off&#8221; posts_number=&#8221;1000&#8243; include_categories=&#8221;177&#8243; use_manual_excerpt=&#8221;off&#8221; show_more=&#8221;on&#8221; show_excerpt=&#8221;off&#8221; show_pagination=&#8221;off&#8221; use_overlay=&#8221;on&#8221; _builder_version=&#8221;4.18.0&#8243; _module_preset=&#8221;default&#8221; header_level=&#8221;h3&#8243; header_font_size=&#8221;18px&#8221; locked=&#8221;off&#8221; global_colors_info=&#8221;{}&#8221; show_pagination__hover_enabled=&#8221;off|desktop&#8221;][\/et_pb_blog][\/et_pb_column][\/et_pb_row][\/et_pb_section]<\/p>\n","protected":false},"excerpt":{"rendered":"<p>THE DETOUR WORKSHOPS &nbsp; Our workshops aim is to democratize the &#8220;Do-It-Yourself&#8221; in the bike world. The bicycle, an essential mode of transportation, often remains mysterious about its origin: where and how it is made. Our workshops allow you to go from an opaque object to a source of inspiration and experimentation. Through workshops on [&hellip;]<\/p>\n","protected":false},"author":1,"featured_media":9172,"parent":0,"menu_order":0,"comment_status":"closed","ping_status":"closed","template":"","meta":{"_acf_changed":false,"_et_pb_use_builder":"on","_et_pb_old_content":"","_et_gb_content_width":"","footnotes":""},"class_list":["post-9693","page","type-page","status-publish","has-post-thumbnail","hentry"],"acf":[],"jetpack_sharing_enabled":true,"post_mailing_queue_ids":[],"_links":{"self":[{"href":"https:\/\/cyclesmanivelle.com\/en\/wp-json\/wp\/v2\/pages\/9693"}],"collection":[{"href":"https:\/\/cyclesmanivelle.com\/en\/wp-json\/wp\/v2\/pages"}],"about":[{"href":"https:\/\/cyclesmanivelle.com\/en\/wp-json\/wp\/v2\/types\/page"}],"author":[{"embeddable":true,"href":"https:\/\/cyclesmanivelle.com\/en\/wp-json\/wp\/v2\/users\/1"}],"replies":[{"embeddable":true,"href":"https:\/\/cyclesmanivelle.com\/en\/wp-json\/wp\/v2\/comments?post=9693"}],"version-history":[{"count":7,"href":"https:\/\/cyclesmanivelle.com\/en\/wp-json\/wp\/v2\/pages\/9693\/revisions"}],"predecessor-version":[{"id":9704,"href":"https:\/\/cyclesmanivelle.com\/en\/wp-json\/wp\/v2\/pages\/9693\/revisions\/9704"}],"wp:featuredmedia":[{"embeddable":true,"href":"https:\/\/cyclesmanivelle.com\/en\/wp-json\/wp\/v2\/media\/9172"}],"wp:attachment":[{"href":"https:\/\/cyclesmanivelle.com\/en\/wp-json\/wp\/v2\/media?parent=9693"}],"curies":[{"name":"wp","href":"https:\/\/api.w.org\/{rel}","templated":true}]}}