{"id":20427,"date":"2025-07-17T11:04:44","date_gmt":"2025-07-17T09:04:44","guid":{"rendered":"https:\/\/cyclesmanivelle.com\/?post_type=product&#038;p=20427"},"modified":"2026-03-24T14:26:17","modified_gmt":"2026-03-24T13:26:17","slug":"la-grande-banane-sage-green","status":"publish","type":"product","link":"https:\/\/cyclesmanivelle.com\/en\/boutique\/bags\/big-hip-bag\/la-grande-banane-sage-green\/","title":{"rendered":"La Grande Banane [Sage green]"},"content":{"rendered":"<p>It&#8217;s a reference we first wanted to develop for our travels. It&#8217;s generously sized, waterproof and sturdy, and you can hang it on your coat hanger. Personally, we put in it a warm layer, a camera, our papers, and we keep it with us when we stop for a coffee or a welsh. We also use it on a daily basis because we love its face, so we can&#8217;t wait to see how you incorporate it into your outfits! Just remember to give it a quick wipe-down between a muddy outing and a date.<\/p>\n<p>The main volume of around 5 liters is structured with foam. You&#8217;ve got 3 interior pockets at your fingertips, plus an exterior pocket with watertight closure and gusseted pockets for water bottles or peanut butter. You&#8217;ll also find &#8220;MOLLE&#8221; attachments everywhere. The two straps under the bag allow you to attach a jacket or tent pegs. Its stability on handlebars is ensured by three attachment points. Depending on the configuration of your riding position (to move the bag away from the handlebars to give space to hands, or away from headtube to avoid compressing the housings), a pack of 6 bonus spacers is available as an option. A third-point strap is also available to stabilize your bag when weared across the body.<\/p>\n<p>La Grande Banane is handmade in Strasbourg by the superb Libre Objet team, using truck tarpaulins and technical fabrics from dead stocks. If your bag has a scratch, just send it back to the workshop for repair!<\/p>\n","protected":false},"excerpt":{"rendered":"\n\t\t\t<div class='et-tabs-container et_sliderfx_fade et_sliderauto_false et_sliderauto_speed_5000 et_slidertype_top_tabs'>\n\t\t\t\t<div class='et_slidecontent'>\n\t\t\tThis hip bag is bigger than your actual one, AND, it converts into an handlebar bag.<\/p>\n<p>Handcrafted in France by Libre Objet\n\t\t<\/div><\/p>\n<p>\n\t\t<div class='et_slidecontent'>\n\t\t\tVolume: \u00b15L<\/p>\n<p>Dimensions: W28cm x H\u00b118cm x D10cm<\/p>\n<p>Composition: 1 main volume, 3 inside pockets, 1 water resistant outside pocket + 2 adjustable pockets<\/p>\n<p>Supplied with: 2 nanostrap, 2 spacers<\/p>\n<p>Weight: 490gr<\/p>\n\t\t<\/div> \n\t\t<div class='et_slidecontent'>\n\t\t\tWaterproof truck tarpaulin, mostly from leftovers<\/p>\n<p>Waterproof laminates from Alpex dead stock<\/p>\n<p>Security belts and polyester webbing made in France<\/p>\n<p>YKK components\n\t\t<\/div>\n\t\t\t<\/div>\n","protected":false},"featured_media":21011,"template":"","meta":{"_acf_changed":false,"_et_pb_use_builder":"off","_et_pb_old_content":"Volume principal: <strong>Bleu ultra<\/strong> <strong>\r\n<\/strong>\r\n<h1><span class=\"tojvnm2t a6sixzi8 abs2jz4q a8s20v7p t1p8iaqh k5wvi7nf q3lfd5jv pk4s997a bipmatt0 cebpdrjk qowsmv63 owwhemhu dp1hu0rb dhp61c6y iyyx5f41\"><strong>LA MUSETTE, SAC HORS-NORMES<\/strong>\r\n<\/span><\/h1>\r\n<span class=\"tojvnm2t a6sixzi8 abs2jz4q a8s20v7p t1p8iaqh k5wvi7nf q3lfd5jv pk4s997a bipmatt0 cebpdrjk qowsmv63 owwhemhu dp1hu0rb dhp61c6y iyyx5f41\">La musette ne connait pas la norme. Une sacoche de guidon urbaine, un sac bandouli\u00e8re ou une banane surdimensionn\u00e9e? Poussez la versatilit\u00e9 de la musette \u00e0 son maximum et r\u00e9inventez la fa\u00e7on de la porter \u00e0 chaque fois! Nous souhaitions que la musette soit fabriqu\u00e9 en mati\u00e8res de r\u00e9emploi. Et pour y arriver, nous avons cr\u00e9\u00e9 notre propre fili\u00e8re de r\u00e9cup\u00e9ration. Destin\u00e9es \u00e0 l\u2019origine \u00e0 habiller des camions, nos b\u00e2ches vont connaitre une toute autre aventure. Apr\u00e8s avoir \u00e9t\u00e9 r\u00e9cup\u00e9r\u00e9es, class\u00e9es, d\u00e9coup\u00e9es puis nettoy\u00e9es, les voil\u00e0 pr\u00eates \u00e0 \u00eatre revaloris\u00e9es en musette. La musette est fabriqu\u00e9e \u00e0 la main en France. Manivelle s'associe \u00e0 Libre Objet, chantier d\u2019insertion sp\u00e9cialis\u00e9 dans le travail du textile depuis 1997 \u00e0 Strasbourg. Quelque soit la nationalit\u00e9 du couturier ou de la couturi\u00e8re, une belle histoire humaine se cache toujours derri\u00e8re votre musette!\r\n<\/span>\r\n\r\n<img class=\"aligncenter wp-image-2714\" src=\"http:\/\/egkvpzo.cluster026.hosting.ovh.net\/wp-content\/uploads\/2021\/06\/dessin-technique-1024x667.png\" alt=\"\" width=\"800\" height=\"521\" \/>\r\n\r\n<span class=\"redactor-invisible-space\"><span class=\"tojvnm2t a6sixzi8 abs2jz4q a8s20v7p t1p8iaqh k5wvi7nf q3lfd5jv pk4s997a bipmatt0 cebpdrjk qowsmv63 owwhemhu dp1hu0rb dhp61c6y iyyx5f41\">L\u2019installation de la musette sur le guidon se fait par les deux sangles de serrage sur le dessus du volume. Les deux clips permettent l\u2019accrochage et le d\u00e9crochage rapide de la musette. En tirant sur les sangles de serrage, la musette est maintenue contre le guidon.<\/span><\/span><span class=\"redactor-invisible-space\"><span class=\"tojvnm2t a6sixzi8 abs2jz4q a8s20v7p t1p8iaqh k5wvi7nf q3lfd5jv pk4s997a bipmatt0 cebpdrjk qowsmv63 owwhemhu dp1hu0rb dhp61c6y iyyx5f41\"> Avant de commencer \u00e0 rouler, il est n\u00e9cessaire de rentrer la sangle principale sous la fa\u00e7ade avant pour ne pas qu'elle pende. En quittant votre v\u00e9lo, d\u00e9voilez la sangle principale rang\u00e9e pr\u00e9c\u00e9demment derri\u00e8re la fa\u00e7ade avant pour transformer votre musette en sac en bandouli\u00e8re, musette d\u2019\u00e9paule ou banane.<\/span><\/span>\r\n<h3><img class=\"aligncenter wp-image-2715\" src=\"http:\/\/egkvpzo.cluster026.hosting.ovh.net\/wp-content\/uploads\/2021\/06\/IMG_3426light-1024x576.jpg\" alt=\"\" width=\"800\" height=\"450\" \/><\/h3>\r\n<img class=\"aligncenter wp-image-2716\" src=\"http:\/\/egkvpzo.cluster026.hosting.ovh.net\/wp-content\/uploads\/2021\/06\/IMG_3429light-1024x576.jpg\" alt=\"\" width=\"800\" height=\"450\" \/>\r\n\r\nVous avez une question \u00e0 propos du produit? Nous vous invitons \u00e0 vous rendre sur notre F.A.Q <a href=\"https:\/\/www.cyclesmanivelle.com\/f-a-q\">https:\/\/www.cyclesmanivelle.com\/f-a-q<\/a><span class=\"redactor-invisible-space\"> ou nous contacter \u00e0 l'adresse contact@cyclesmanivelle si vous n'y trouvez pas votre r\u00e9ponse!<\/span>","_et_gb_content_width":""},"product_brand":[],"product_cat":[244],"product_tag":[144],"class_list":{"0":"post-20427","1":"product","2":"type-product","3":"status-publish","4":"has-post-thumbnail","6":"product_cat-big-hip-bag","7":"product_tag-handlebar-bag-fanny-pack-adventure-bikepacking-handmade-in-france-waterproof-roll-top-cycles-manivelle","9":"first","10":"instock","11":"taxable","12":"shipping-taxable","13":"purchasable","14":"product-type-variable"},"acf":[],"jetpack_sharing_enabled":true,"post_mailing_queue_ids":[],"_links":{"self":[{"href":"https:\/\/cyclesmanivelle.com\/en\/wp-json\/wp\/v2\/product\/20427"}],"collection":[{"href":"https:\/\/cyclesmanivelle.com\/en\/wp-json\/wp\/v2\/product"}],"about":[{"href":"https:\/\/cyclesmanivelle.com\/en\/wp-json\/wp\/v2\/types\/product"}],"wp:featuredmedia":[{"embeddable":true,"href":"https:\/\/cyclesmanivelle.com\/en\/wp-json\/wp\/v2\/media\/21011"}],"wp:attachment":[{"href":"https:\/\/cyclesmanivelle.com\/en\/wp-json\/wp\/v2\/media?parent=20427"}],"wp:term":[{"taxonomy":"product_brand","embeddable":true,"href":"https:\/\/cyclesmanivelle.com\/en\/wp-json\/wp\/v2\/product_brand?post=20427"},{"taxonomy":"product_cat","embeddable":true,"href":"https:\/\/cyclesmanivelle.com\/en\/wp-json\/wp\/v2\/product_cat?post=20427"},{"taxonomy":"product_tag","embeddable":true,"href":"https:\/\/cyclesmanivelle.com\/en\/wp-json\/wp\/v2\/product_tag?post=20427"}],"curies":[{"name":"wp","href":"https:\/\/api.w.org\/{rel}","templated":true}]}}